{"id":2093,"date":"2015-04-29T12:43:25","date_gmt":"2015-04-29T10:43:25","guid":{"rendered":"http:\/\/www.st-parkett.at\/shop\/?post_type=product&#038;p=2093"},"modified":"2022-01-05T15:02:30","modified_gmt":"2022-01-05T14:02:30","slug":"bauwerk-parkettreiniger","status":"publish","type":"product","link":"https:\/\/www.st-parkett.at\/shop\/?product=bauwerk-parkettreiniger","title":{"rendered":"Bauwerk Parkettreiniger"},"content":{"rendered":"","protected":false},"excerpt":{"rendered":"<p>F\u00fcr die regelm\u00e4ssige Reinigung, -Unterhaltsreinigung f\u00fcr ge\u00f6lte oder versiegelte Bauwerk Parkettb\u00f6den<br \/>\nAnwendung im Wischwasser.<\/p>\n<p>Gebinde:<\/p>\n<p>1 Liter<\/p>\n","protected":false},"featured_media":9243,"comment_status":"open","ping_status":"closed","template":"","meta":[],"product_brand":[],"product_cat":[114],"product_tag":[],"class_list":{"0":"post-2093","1":"product","2":"type-product","3":"status-publish","4":"has-post-thumbnail","6":"product_cat-reinigung","7":"site-entry","9":"first","10":"instock","11":"taxable","12":"shipping-taxable","13":"purchasable","14":"product-type-simple"},"_links":{"self":[{"href":"https:\/\/www.st-parkett.at\/shop\/index.php?rest_route=\/wp\/v2\/product\/2093","targetHints":{"allow":["GET"]}}],"collection":[{"href":"https:\/\/www.st-parkett.at\/shop\/index.php?rest_route=\/wp\/v2\/product"}],"about":[{"href":"https:\/\/www.st-parkett.at\/shop\/index.php?rest_route=\/wp\/v2\/types\/product"}],"replies":[{"embeddable":true,"href":"https:\/\/www.st-parkett.at\/shop\/index.php?rest_route=%2Fwp%2Fv2%2Fcomments&post=2093"}],"wp:featuredmedia":[{"embeddable":true,"href":"https:\/\/www.st-parkett.at\/shop\/index.php?rest_route=\/wp\/v2\/media\/9243"}],"wp:attachment":[{"href":"https:\/\/www.st-parkett.at\/shop\/index.php?rest_route=%2Fwp%2Fv2%2Fmedia&parent=2093"}],"wp:term":[{"taxonomy":"product_brand","embeddable":true,"href":"https:\/\/www.st-parkett.at\/shop\/index.php?rest_route=%2Fwp%2Fv2%2Fproduct_brand&post=2093"},{"taxonomy":"product_cat","embeddable":true,"href":"https:\/\/www.st-parkett.at\/shop\/index.php?rest_route=%2Fwp%2Fv2%2Fproduct_cat&post=2093"},{"taxonomy":"product_tag","embeddable":true,"href":"https:\/\/www.st-parkett.at\/shop\/index.php?rest_route=%2Fwp%2Fv2%2Fproduct_tag&post=2093"}],"curies":[{"name":"wp","href":"https:\/\/api.w.org\/{rel}","templated":true}]}}