{"id":2059,"date":"2015-04-23T21:55:35","date_gmt":"2015-04-23T19:55:35","guid":{"rendered":"http:\/\/www.st-parkett.at\/shop\/?post_type=product&#038;p=2059"},"modified":"2022-01-05T15:07:36","modified_gmt":"2022-01-05T14:07:36","slug":"bona-spray-mob-fuer-holzboeden","status":"publish","type":"product","link":"https:\/\/www.st-parkett.at\/shop\/?product=bona-spray-mob-fuer-holzboeden","title":{"rendered":"Bona Spray Mop f\u00fcr Holzb\u00f6den"},"content":{"rendered":"","protected":false},"excerpt":{"rendered":"<p class=\"big\">Bonas ergonomischer Spray Mop ist ideal f\u00fcr die schnelle und effektive Reinigung Ihrer Holzb\u00f6den. In Kombination mit unserem umweltfreundlichen und pH-neutralen Parkettreiniger wird die Reinigung und Pflege Ihrer Parkett- und Holzb\u00f6den zum Kinderspiel.<\/p>\n<p>Ersparen Sie sich das Anf\u00fcllen und Mitschleppen von Wassereimern. Der Spray Mop ist sofort einsatzbereit und sorgt mit seinem feinen Spr\u00fchnebel f\u00fcr die optimale Reinigung und Pflege Ihrer wertvollen Parkett- und Holzb\u00f6den.<\/p>\n<p><strong>HAUPTVORTEILE<\/strong><\/p>\n<p>\u2022 Speziell f\u00fcr Parkett- und Holzb\u00f6den entwickelt<br \/>\n\u2022 Ergonomisches Design<br \/>\n\u2022\u00a0Nachf\u00fcllbare Reinigerkartusche<br \/>\n\u2022 Umweltfreundlicher, pH-neutraler Parkettreiniger<br \/>\n\u2022 Streifenfreie Reinigung ohne R\u00fcckst\u00e4nde<br \/>\n\u2022 Beweglicher Kopf f\u00fcr schwer zug\u00e4ngliche Stellen<br \/>\n\u2022 Maschinenwaschbares Mikrofaser-Reinigungspad<\/p>\n","protected":false},"featured_media":2065,"comment_status":"open","ping_status":"closed","template":"","meta":[],"product_brand":[],"product_cat":[99],"product_tag":[102],"class_list":{"0":"post-2059","1":"product","2":"type-product","3":"status-publish","4":"has-post-thumbnail","6":"product_cat-zubehoer","7":"product_tag-bona","8":"site-entry","10":"first","11":"instock","12":"taxable","13":"shipping-taxable","14":"purchasable","15":"product-type-simple"},"_links":{"self":[{"href":"https:\/\/www.st-parkett.at\/shop\/index.php?rest_route=\/wp\/v2\/product\/2059","targetHints":{"allow":["GET"]}}],"collection":[{"href":"https:\/\/www.st-parkett.at\/shop\/index.php?rest_route=\/wp\/v2\/product"}],"about":[{"href":"https:\/\/www.st-parkett.at\/shop\/index.php?rest_route=\/wp\/v2\/types\/product"}],"replies":[{"embeddable":true,"href":"https:\/\/www.st-parkett.at\/shop\/index.php?rest_route=%2Fwp%2Fv2%2Fcomments&post=2059"}],"wp:featuredmedia":[{"embeddable":true,"href":"https:\/\/www.st-parkett.at\/shop\/index.php?rest_route=\/wp\/v2\/media\/2065"}],"wp:attachment":[{"href":"https:\/\/www.st-parkett.at\/shop\/index.php?rest_route=%2Fwp%2Fv2%2Fmedia&parent=2059"}],"wp:term":[{"taxonomy":"product_brand","embeddable":true,"href":"https:\/\/www.st-parkett.at\/shop\/index.php?rest_route=%2Fwp%2Fv2%2Fproduct_brand&post=2059"},{"taxonomy":"product_cat","embeddable":true,"href":"https:\/\/www.st-parkett.at\/shop\/index.php?rest_route=%2Fwp%2Fv2%2Fproduct_cat&post=2059"},{"taxonomy":"product_tag","embeddable":true,"href":"https:\/\/www.st-parkett.at\/shop\/index.php?rest_route=%2Fwp%2Fv2%2Fproduct_tag&post=2059"}],"curies":[{"name":"wp","href":"https:\/\/api.w.org\/{rel}","templated":true}]}}